{"id":22,"date":"2024-02-14T12:50:20","date_gmt":"2024-02-14T12:50:20","guid":{"rendered":"https:\/\/satukajosmaki.fi\/?page_id=22"},"modified":"2024-02-14T13:02:31","modified_gmt":"2024-02-14T13:02:31","slug":"hinnasto","status":"publish","type":"page","link":"https:\/\/satukajosmaki.fi\/?page_id=22","title":{"rendered":"Hinnasto"},"content":{"rendered":"\n<p>MUOTOKUVAUS<\/p>\n\n\n\n<p>valmistujaiskuvaus, rippikuvaus, profiilikuvaus<\/p>\n\n\n\n<p>Hinta 190 \u20ac sis\u00e4lt\u00e4en 1 tunnin kuvausajan, 2 valmista digitaalista kuvaa itse valittuna galleriasta, ALV24%<\/p>\n\n\n\n<p>Lis\u00e4kuvia voi ostaa erillisen hinnaston mukaan<\/p>\n\n\n\n<p class=\"has-foreground-background-color has-background\"><\/p>\n\n\n\n<p>BUODOIR\/DUDEOIRKUVAUS<\/p>\n\n\n\n<p>kuvamatka omaan itseen, huomenlahjakuvaus, fetissikuvaus<\/p>\n\n\n\n<p>Hinta 290\u20ac sis\u00e4lt\u00e4en kuvausaikaa 2-3 tuntia, 5 digitaalista kuvaa itse valittuna galleriasta, ALV24%<\/p>\n\n\n\n<p>Lis\u00e4kuvia voi ostaa erillisen hinnaston mukaan. <\/p>\n\n\n\n<p class=\"has-foreground-background-color has-background\"><\/p>\n\n\n\n<p>TAPAHTUMAKUVAUS<\/p>\n\n\n\n<p>Hautajaiset, risti\u00e4iset, syntym\u00e4p\u00e4iv\u00e4t<\/p>\n\n\n\n<p>Hinta 250 \u20ac sis\u00e4lt\u00e4en tapahtuman kuvaamisen (n. 1 tunti), dokumentaariset digitaaliset kuvat, ALV24%<\/p>\n\n\n\n<p class=\"has-foreground-background-color has-background\"><\/p>\n\n\n\n<p>MUUT KUVAUKSET<\/p>\n\n\n\n<p>ota yhteytt\u00e4 mm. yrityskuvauksen osalta tai muissa henkil\u00f6kohtaisissa kuvatarpeissa. <\/p>\n","protected":false},"excerpt":{"rendered":"<p>MUOTOKUVAUS valmistujaiskuvaus, rippikuvaus, profiilikuvaus Hinta 190 \u20ac sis\u00e4lt\u00e4en 1 tunnin kuvausajan, 2 valmista digitaalista kuvaa itse valittuna galleriasta, ALV24% Lis\u00e4kuvia voi ostaa erillisen hinnaston mukaan BUODOIR\/DUDEOIRKUVAUS kuvamatka omaan itseen, huomenlahjakuvaus, fetissikuvaus Hinta 290\u20ac sis\u00e4lt\u00e4en kuvausaikaa 2-3 tuntia, 5 digitaalista kuvaa itse valittuna galleriasta, ALV24% Lis\u00e4kuvia voi ostaa erillisen hinnaston mukaan. TAPAHTUMAKUVAUS Hautajaiset, risti\u00e4iset, syntym\u00e4p\u00e4iv\u00e4t Hinta [&hellip;]<\/p>\n","protected":false},"author":1,"featured_media":0,"parent":0,"menu_order":3,"comment_status":"closed","ping_status":"closed","template":"","meta":{"footnotes":""},"class_list":["post-22","page","type-page","status-publish","hentry"],"_links":{"self":[{"href":"https:\/\/satukajosmaki.fi\/index.php?rest_route=\/wp\/v2\/pages\/22","targetHints":{"allow":["GET"]}}],"collection":[{"href":"https:\/\/satukajosmaki.fi\/index.php?rest_route=\/wp\/v2\/pages"}],"about":[{"href":"https:\/\/satukajosmaki.fi\/index.php?rest_route=\/wp\/v2\/types\/page"}],"author":[{"embeddable":true,"href":"https:\/\/satukajosmaki.fi\/index.php?rest_route=\/wp\/v2\/users\/1"}],"replies":[{"embeddable":true,"href":"https:\/\/satukajosmaki.fi\/index.php?rest_route=%2Fwp%2Fv2%2Fcomments&post=22"}],"version-history":[{"count":6,"href":"https:\/\/satukajosmaki.fi\/index.php?rest_route=\/wp\/v2\/pages\/22\/revisions"}],"predecessor-version":[{"id":28,"href":"https:\/\/satukajosmaki.fi\/index.php?rest_route=\/wp\/v2\/pages\/22\/revisions\/28"}],"wp:attachment":[{"href":"https:\/\/satukajosmaki.fi\/index.php?rest_route=%2Fwp%2Fv2%2Fmedia&parent=22"}],"curies":[{"name":"wp","href":"https:\/\/api.w.org\/{rel}","templated":true}]}}